{"id":65,"date":"2025-08-06T23:10:01","date_gmt":"2025-08-06T21:10:01","guid":{"rendered":"https:\/\/cogryziepsa.pl\/?page_id=65"},"modified":"2026-02-15T13:52:26","modified_gmt":"2026-02-15T12:52:26","slug":"regulamin","status":"publish","type":"page","link":"https:\/\/cogryziepsa.pl\/?page_id=65","title":{"rendered":"Regulamin"},"content":{"rendered":"\n<p class=\"has-contrast-color has-text-color has-link-color wp-elements-6b6ee8d4d5c1f285737a9ebfcf19f793\"><strong>I. Zasady dotycz\u0105ce zdrowia psa<\/strong><\/p>\n\n\n\n<ol class=\"wp-block-list\">\n<li class=\"has-contrast-color has-text-color has-link-color wp-elements-afa4e8654aee1e98ae1d3be57a9b4fe0\">Pies uczestnicz\u0105cy w zaj\u0119ciach powinien by\u0107 zdrowy. Wszelkie objawy choroby powinny by\u0107 skonsultowane z lekarzem weterynarii, nast\u0119pnie skonsultowane z trenerem w celu ustalenia dopuszczenia do uczestnictwa.<\/li>\n\n\n\n<li class=\"has-contrast-color has-text-color has-link-color wp-elements-8af4a24e3f35ba040bd5f3e06778673a\">Pies powinien posiada\u0107 komplet szczepie\u0144 oraz aktualne szczepienie przeciwko w\u015bciekli\u017anie. Opiekun powinien posiada\u0107 przy sobie za\u015bwiadczenie o aktualnym szczepieniu i mo\u017ce zosta\u0107 poproszony przez trenera o okazanie go w trakcie szkolenia (wyj\u0105tkiem s\u0105 szczeniaki, kt\u00f3re nie musz\u0105 posiada\u0107 kompletu szczepie\u0144).<\/li>\n\n\n\n<li class=\"has-contrast-color has-text-color has-link-color wp-elements-5e8984f1f239fd1f5283345e943d1299\">Pies uczestnicz\u0105cy w zaj\u0119ciach powinien by\u0107 odrobaczony oraz zabezpieczony preparatem przeciwko paso\u017cytom zewn\u0119trznym jak pch\u0142y oraz kleszcze.<\/li>\n\n\n\n<li class=\"has-contrast-color has-text-color has-link-color wp-elements-bb00f82558c0aa9b274e66c97f067aa4\">Suki b\u0119d\u0105ce w trakcie cieczki nie mog\u0105 by\u0107 obecne na zaj\u0119ciach grupowych. Informacja o tym, \u017ce suka ma cieczk\u0119 powinna by\u0107 zg\u0142oszona przynajmniej 24 godziny przed zaj\u0119ciami do trenera prowadz\u0105cego, w celu ustalenia formy uczestnictwa w zaj\u0119ciach lub ich odrobienia. Brak takiej informacji lub przekazanie jej poni\u017cej 24 godzin od rozpocz\u0119cia zaj\u0119\u0107 mo\u017ce<br>skutkowa\u0107 brakiem mo\u017cliwo\u015bci ich odrobienia.<\/li>\n\n\n\n<li class=\"has-contrast-color has-text-color has-link-color wp-elements-8ca79d4168c16cd5bb09fce2f6df90a9\">Psy b\u0119d\u0105ce bezpo\u015brednio po zabiegach chirurgicznych nie maj\u0105 mo\u017cliwo\u015bci brania udzia\u0142u w zaj\u0119ciach.<\/li>\n\n\n\n<li class=\"has-contrast-color has-text-color has-link-color wp-elements-3e1044e322c3fc4787a5a6e070c4ec1e\">Je\u017celi pies posiada alergie pokarmowe, fakt ten powinien zosta\u0107 zg\u0142oszony trenerowi najp\u00f3\u017aniej przed rozpocz\u0119ciem pierwszych zaj\u0119\u0107.<\/li>\n<\/ol>\n\n\n\n<p class=\"has-contrast-color has-text-color\"><strong>II. Zasady dotycz\u0105ce post\u0119powania z psami.<\/strong><\/p>\n\n\n\n<ol class=\"wp-block-list\">\n<li class=\"has-contrast-color has-text-color has-link-color wp-elements-01840ed5c1fc1404f918e3593305d250\">Psy powinny by\u0107 zapi\u0119te na smyczy zar\u00f3wno w trakcie zaj\u0119\u0107 jak i przerw, chyba \u017ce trener prowadz\u0105cy ustali inaczej. Zakazane jest spotykanie ze sob\u0105 ps\u00f3w bez pozwolenia i nadzoru trenera, opiekun odpowiedzialny jest za zachowanie bezpiecznego dystansu mi\u0119dzy psami.<\/li>\n\n\n\n<li class=\"has-contrast-color has-text-color has-link-color wp-elements-0d3faef5f1b8019414ff54f0102e6aa0\">Trener nie odpowiada za spotkania, kt\u00f3re opiekun psa przeprowadza przed lub po zaj\u0119ciach.<\/li>\n\n\n\n<li class=\"has-contrast-color has-text-color has-link-color wp-elements-90e4cff543a1d5d123cee1fe2704c6d5\">Zabronione jest u\u017cywanie narz\u0119dzi awersyjnych tj. kolczatki, \u0142a\u0144cuszki zaciskowe czy obro\u017ce elektryczne. Psy posiadaj\u0105ce takie akcesoria nie zostan\u0105 wpuszczone na zaj\u0119cia.<\/li>\n\n\n\n<li class=\"has-contrast-color has-text-color has-link-color wp-elements-0e7d481537a2521a0ca2b921741de6c5\">Niedopuszczalne jest zachowanie awersyjne wobec psa takie jak krzyczenie, bicie czy szarpanie psa, takie dzia\u0142anie skutkuje wykluczeniem z zaj\u0119\u0107, bez zwrotu koszt\u00f3w.<\/li>\n<\/ol>\n\n\n\n<p class=\"has-contrast-color has-text-color\"><strong>III. Zasady dotycz\u0105ce pracy w trakcie zaj\u0119\u0107 szkoleniowych i konsultacji behawioralnych.<\/strong><\/p>\n\n\n\n<ol class=\"wp-block-list\">\n<li class=\"has-contrast-color has-text-color has-link-color wp-elements-e15cf3d7351525862d29889ae28c4539\">Uczestnicy zobowi\u0105zuj\u0105 si\u0119 do przestrzegania zasad, kt\u00f3re ustala<br>trenerka\/behawiorystka.<\/li>\n\n\n\n<li class=\"has-contrast-color has-text-color has-link-color wp-elements-aa86d9d6369d2bbd1d51695e626a0d7a\">Podczas szkolenia mog\u0105 uczestniczy\u0107 wszystkie osoby, kt\u00f3re mieszkaj\u0105<br>z psem. Powinna by\u0107 wyznaczona osoba, kt\u00f3ra jest odpowiedzialna za przekazywanie istotnych informacji nt. szkolenia pozosta\u0142ym cz\u0142onkom rodziny.<\/li>\n\n\n\n<li class=\"has-contrast-color has-text-color has-link-color wp-elements-b4a1f6396cdd1110b278855a28cfd3d2\">Istnieje mo\u017cliwo\u015b\u0107 odrobienia maksymalnie jednych zaj\u0119\u0107, pod warunkiem, \u017ce nieobecno\u015b\u0107 ta zosta\u0142a zg\u0142oszona trenerowi przynajmniej 24 godziny przed rozpocz\u0119ciem zaj\u0119\u0107 i trenerka posiada mo\u017cliwo\u015b\u0107 do\u0142\u0105czenia psa do innej, trwaj\u0105cej ju\u017c grupy.<\/li>\n\n\n\n<li class=\"has-contrast-color has-text-color has-link-color wp-elements-4eb1ec248b609c8eb7293eb24633432c\">Je\u017celi kursant chce filmowa\u0107 lub nagrywa\u0107 d\u017awi\u0119k podczas zaj\u0119\u0107, zobowi\u0105zany jest do uzyskania zgody od prowadz\u0105cego zaj\u0119cia.<\/li>\n\n\n\n<li class=\"has-contrast-color has-text-color has-link-color wp-elements-45cb9cee811dd85522c049386ea34915\">Ka\u017cdy uczestnik szkolenia zobowi\u0105zany jest do sprz\u0105tania po swoim psie zar\u00f3wno przed obiektami szkoleniowymi jak i wewn\u0105trz nich.<\/li>\n\n\n\n<li class=\"has-contrast-color has-text-color has-link-color wp-elements-450462e2c55f451af9d0ddd6fccd6be2\">Uczestnik zobowi\u0105zany jest do trzymania smako\u0142yk\u00f3w w miejscu, do kt\u00f3rego psy nie maj\u0105 samodzielnego dost\u0119pu. W szczeg\u00f3lno\u015bci tyczy to si\u0119 woreczk\u00f3w foliowych z przysmakami, kt\u00f3re nie mog\u0105 by\u0107 w miejscach \u0142atwo dost\u0119pnych dla ps\u00f3w. Powinny by\u0107 schowane w zamkni\u0119tej torbie lub plecaku, aby \u017caden pies uczestnicz\u0105cy w zaj\u0119ciach nie mia\u0142 mo\u017cliwo\u015bci samodzielnego zjedzenia przysmak\u00f3w razem z torebk\u0105.<\/li>\n\n\n\n<li class=\"has-contrast-color has-text-color has-link-color wp-elements-b4d913d353b8cce70cf91e1b5dd549d7\">Uczestnik jest \u015bwiadomy tego, \u017ce udzia\u0142 w kursie grupowym nie jest gwarantem rozwi\u0105zania wszystkich problem\u00f3w z zachowaniem psa oraz tego, \u017ce nie wyeliminuje on problem\u00f3w behawioralnych takich jak l\u0119kliwo\u015b\u0107, agresja wobec ludzi\/ zwierz\u0105t, problemy separacyjne, problemy <br>z zachowaniem czysto\u015bci itp.<\/li>\n\n\n\n<li class=\"has-contrast-color has-text-color has-link-color wp-elements-ec40837e9d809e4635a2bd2114b2a4a1\">W razie rezygnacji z zaj\u0119\u0107 w trakcie trwania kursu, kwota za kurs nie podlega zwrotowi.<\/li>\n\n\n\n<li class=\"has-contrast-color has-text-color has-link-color wp-elements-03f746a55436786a99f51bf9a88ce447\">O nieobecno\u015bci na um\u00f3wionym wcze\u015bniej spotkaniu szkoleniowym, spacerze socjalizacyjnym lub konsultacji behawioralnej uczestnik zobowi\u0105zany jest uprzedzi\u0107 prowadz\u0105c\u0105 minimum 24 godziny wcze\u015bniej. <br>W innym wypadku kwota wp\u0142acona za us\u0142ug\u0119 jest bezzwrotna, a uczestnik nie ma mo\u017cliwo\u015bci odrobienia nieobecno\u015bci.<\/li>\n\n\n\n<li class=\"has-contrast-color has-text-color has-link-color wp-elements-958c8c2d218039a41fb11b8bfc1164d1\">Uczestnik ma obowi\u0105zek poinformowa\u0107 prowadz\u0105c\u0105 o wyst\u0119puj\u0105cych u psa zachowaniach agresywnych. W przeciwnym wypadku sesja szkoleniowa, spacer socjalizacyjny lub konsultacja behawioralna zostaje dla uczestnika zako\u0144czona bez mo\u017cliwo\u015bci zwrotu koszt\u00f3w.<\/li>\n<\/ol>\n\n\n\n<p class=\"has-contrast-color has-text-color\"><strong>IV. Zasady dotycz\u0105ce kwestii formalnych<\/strong><\/p>\n\n\n\n<ol class=\"wp-block-list\">\n<li class=\"has-contrast-color has-text-color has-link-color wp-elements-34841e93c836790b9fa685babde5249b\">Klient chc\u0105cy otrzyma\u0107 faktur\u0119 za trening lub konsultacj\u0119 behawioraln\u0105, zobowi\u0105zany jest o wcze\u015bniejsze poinformowanie o tym fakcie.<\/li>\n\n\n\n<li class=\"has-contrast-color has-text-color has-link-color wp-elements-fd33ee03dbbbed2ad00960243a85cbaa\">Bior\u0105c udzia\u0142 w zaj\u0119ciach klient wyra\u017ca zgod\u0119 na wykonanie zdj\u0119\u0107 psa <br>w celach marketingowych. Brak zgody uniemo\u017cliwia udzia\u0142 w zaj\u0119ciach.<\/li>\n<\/ol>\n\n\n\n<p>\u00a0<\/p>\n\n\n\n<p><\/p>\n","protected":false},"excerpt":{"rendered":"<p>I. Zasady dotycz\u0105ce zdrowia psa II. Zasady dotycz\u0105ce post\u0119powania z psami. III. Zasady dotycz\u0105ce pracy w trakcie zaj\u0119\u0107 szkoleniowych i konsultacji behawioralnych. IV. Zasady dotycz\u0105ce kwestii formalnych \u00a0<\/p>\n","protected":false},"author":1,"featured_media":0,"parent":0,"menu_order":0,"comment_status":"closed","ping_status":"closed","template":"","meta":{"footnotes":""},"class_list":["post-65","page","type-page","status-publish","hentry"],"_links":{"self":[{"href":"https:\/\/cogryziepsa.pl\/index.php?rest_route=\/wp\/v2\/pages\/65","targetHints":{"allow":["GET"]}}],"collection":[{"href":"https:\/\/cogryziepsa.pl\/index.php?rest_route=\/wp\/v2\/pages"}],"about":[{"href":"https:\/\/cogryziepsa.pl\/index.php?rest_route=\/wp\/v2\/types\/page"}],"author":[{"embeddable":true,"href":"https:\/\/cogryziepsa.pl\/index.php?rest_route=\/wp\/v2\/users\/1"}],"replies":[{"embeddable":true,"href":"https:\/\/cogryziepsa.pl\/index.php?rest_route=%2Fwp%2Fv2%2Fcomments&post=65"}],"version-history":[{"count":12,"href":"https:\/\/cogryziepsa.pl\/index.php?rest_route=\/wp\/v2\/pages\/65\/revisions"}],"predecessor-version":[{"id":310,"href":"https:\/\/cogryziepsa.pl\/index.php?rest_route=\/wp\/v2\/pages\/65\/revisions\/310"}],"wp:attachment":[{"href":"https:\/\/cogryziepsa.pl\/index.php?rest_route=%2Fwp%2Fv2%2Fmedia&parent=65"}],"curies":[{"name":"wp","href":"https:\/\/api.w.org\/{rel}","templated":true}]}}